{"id":67,"date":"2019-03-06T20:35:48","date_gmt":"2019-03-06T20:35:48","guid":{"rendered":"http:\/\/stages.alternatives.ca\/?page_id=67"},"modified":"2019-08-08T19:31:07","modified_gmt":"2019-08-08T19:31:07","slug":"documents-importants","status":"publish","type":"page","link":"https:\/\/stages.alternatives.ca\/?page_id=67","title":{"rendered":""},"content":{"rendered":"<h3><span style=\"color: #e61919;\">Vous trouverez ici l&rsquo;ensemble des documents importants pour votre s\u00e9jour :<\/span><\/h3>\n<ul>\n<li>\n<h4>La <em>Politique relative \u00e0 l\u2019attribution des per diem et aux remboursements autoris\u00e9s dans le cadre du Programme de stages internationaux pour les jeunes d\u2019Alternatives<\/em> :\u00a0<span style=\"color: #e61919;\"><a style=\"color: #e61919;\" href=\"https:\/\/drive.google.com\/file\/d\/17pydBai3JfrYLRdxc8BxrkK1OVoPvYQl\/view?usp=sharing\">Politique en mati\u00e8re de remboursement_PSIJ<\/a>\u00a0 |\u00a0<\/span><a href=\"https:\/\/drive.google.com\/file\/d\/1jjlzDptfAOVbPDoUffWCDI2-s22FQQ9y\/view?usp=sharing\"><span style=\"color: #ff6600;\">Refund Policy<\/span><\/a><\/h4>\n<\/li>\n<li>\n<h4>Le calendrier des activit\u00e9s par promotion :\u00a0<span style=\"color: #e61919;\"><a style=\"color: #e61919;\" href=\"http:\/\/C:\\Users\\Marianne\\Documents\\PSIJ - 2018-2019 MarianneAL\\PSIJ Ao\u00fbt 2019\\dates importantes_C3.mht\" target=\"_blank\" rel=\"noopener\">Dates importantes_cohorte3<\/a><\/span><\/h4>\n<\/li>\n<li>\n<h4>Le guide sant\u00e9-s\u00e9curit\u00e9 :<span style=\"color: #e61919;\">\u00a0<a style=\"color: #e61919;\" href=\"http:\/\/stages.alternatives.ca\/wp-content\/uploads\/2019\/03\/guide_sante\u0301_securite\u0301_PSIJ-1.pdf\">guide_sante\u0301_securite\u0301_PSIJ<\/a><\/span><\/h4>\n<\/li>\n<li>\n<h4>La police d&rsquo;assurance :\u00a0<span style=\"color: #e61919;\"><a style=\"color: #e61919;\" href=\"http:\/\/stages.alternatives.ca\/wp-content\/uploads\/2019\/03\/Contrat-dassurance-Soins-m\u00e9dicaux-durgence.pdf\">Contrat d&rsquo;assurance (Soins m\u00e9dicaux d&rsquo;urgence)<\/a><\/span><\/h4>\n<\/li>\n<\/ul>\n<h3><span style=\"color: #e30b0b;\">Politiques \u00e9ditoriales :\u00a0<\/span><\/h3>\n<ul>\n<li>\n<h4>Blogue des stagiaires PSIJ:\u00a0<span style=\"color: #e6190b;\"><a style=\"color: #e6190b;\" href=\"http:\/\/stages.alternatives.ca\/wp-content\/uploads\/2019\/04\/Politique-e\u0301ditoriale_billets-de-blogue_psij_FR.pdf\">Politique e\u0301ditoriale_billets de blogue_psij_FR<\/a><\/span><\/h4>\n<\/li>\n<li>\n<h4>Journal des alternatives:\u00a0 <span style=\"color: #e30b0b;\">https:\/\/journal.alternatives.ca\/?Contribuez-au-journal-6775<\/span><\/h4>\n<\/li>\n<\/ul>\n<p>&nbsp;<\/p>\n<p style=\"text-align: center;\"><img loading=\"lazy\" class=\"alignnone size-medium wp-image-45\" src=\"http:\/\/stages.alternatives.ca\/wp-content\/uploads\/2019\/02\/Alternatives_logo_rouge_transparent-1-300x71.png\" alt=\"\" width=\"300\" height=\"71\" srcset=\"https:\/\/stages.alternatives.ca\/wp-content\/uploads\/2019\/02\/Alternatives_logo_rouge_transparent-1-300x71.png 300w, https:\/\/stages.alternatives.ca\/wp-content\/uploads\/2019\/02\/Alternatives_logo_rouge_transparent-1-768x182.png 768w, https:\/\/stages.alternatives.ca\/wp-content\/uploads\/2019\/02\/Alternatives_logo_rouge_transparent-1.png 817w\" sizes=\"(max-width: 300px) 100vw, 300px\" \/><\/p>\n","protected":false},"excerpt":{"rendered":"<p>Vous trouverez ici l&rsquo;ensemble des documents importants pour votre s\u00e9jour : La Politique relative \u00e0 l\u2019attribution des per diem et aux remboursements autoris\u00e9s dans le cadre du Programme de stages &#8230;<\/p>\n","protected":false},"author":1,"featured_media":0,"parent":0,"menu_order":0,"comment_status":"closed","ping_status":"closed","template":"","meta":[],"_links":{"self":[{"href":"https:\/\/stages.alternatives.ca\/index.php?rest_route=\/wp\/v2\/pages\/67"}],"collection":[{"href":"https:\/\/stages.alternatives.ca\/index.php?rest_route=\/wp\/v2\/pages"}],"about":[{"href":"https:\/\/stages.alternatives.ca\/index.php?rest_route=\/wp\/v2\/types\/page"}],"author":[{"embeddable":true,"href":"https:\/\/stages.alternatives.ca\/index.php?rest_route=\/wp\/v2\/users\/1"}],"replies":[{"embeddable":true,"href":"https:\/\/stages.alternatives.ca\/index.php?rest_route=%2Fwp%2Fv2%2Fcomments&post=67"}],"version-history":[{"count":7,"href":"https:\/\/stages.alternatives.ca\/index.php?rest_route=\/wp\/v2\/pages\/67\/revisions"}],"predecessor-version":[{"id":124,"href":"https:\/\/stages.alternatives.ca\/index.php?rest_route=\/wp\/v2\/pages\/67\/revisions\/124"}],"wp:attachment":[{"href":"https:\/\/stages.alternatives.ca\/index.php?rest_route=%2Fwp%2Fv2%2Fmedia&parent=67"}],"curies":[{"name":"wp","href":"https:\/\/api.w.org\/{rel}","templated":true}]}}