{"id":102,"date":"2019-03-06T22:15:58","date_gmt":"2019-03-06T22:15:58","guid":{"rendered":"http:\/\/stages.alternatives.ca\/?page_id=102"},"modified":"2019-03-06T22:25:13","modified_gmt":"2019-03-06T22:25:13","slug":"ressources","status":"publish","type":"page","link":"https:\/\/stages.alternatives.ca\/?page_id=102","title":{"rendered":"Ressources"},"content":{"rendered":"<h4><strong><span style=\"color: #d61919;\">Sri Lanka:<\/span><\/strong><\/h4>\n<h5><span style=\"color: #000000;\">| lectures historiques|<\/span><\/h5>\n<ul>\n<li><span style=\"color: #000000;\"><em>Sri Lanka in the Modern Age<\/em> (2006; updated 2015) &#8211;\u00a0 par\u00a0Nira Wickremasinghe<\/span><\/li>\n<li><span style=\"color: #000000;\"><em>The Broken Palmyrah <\/em>(disponible en ligne:\u00a0http:\/\/www.uthr.org\/BP\/Content.htm) &#8211; Compil\u00e9 par le UTHR dans les ann\u00e9es 1980, serait \u00e0 l&rsquo;origine de l&rsquo;assassinat de l&rsquo;un des leader de la UTHR par les Tigres Tamouls.\u00a0<\/span><\/li>\n<\/ul>\n<h5><span style=\"color: #000000;\">| romans |<\/span><\/h5>\n<ul>\n<li><span style=\"color: #000000;\"><em>Anil&rsquo;s Ghost ,\u00a0<\/em>Michael Ondaatje<\/span><\/li>\n<li><span style=\"color: #000000;\"><em>When Memory Dies<\/em>,\u00a0A. Sivanandan<\/span><\/li>\n<li><span style=\"color: #000000;\"><em>Curfew and a Full Moon<\/em>,\u00a0Ediweera Sarachchandra<\/span><\/li>\n<\/ul>\n<h5><span style=\"color: #000000;\">| article de journal |<\/span><\/h5>\n<ul>\n<li><span style=\"color: #000000;\">https:\/\/www.thehindu.com\/opinion\/op-ed\/no-country-for-small-fishers\/article6561568.ece<\/span><\/li>\n<\/ul>\n<h5><span style=\"color: #000000;\">| \u00e9tat des libert\u00e9s sur internet |<\/span><\/h5>\n<ul>\n<li><span style=\"color: #000000;\">https:\/\/freedomhouse.org\/report\/freedom-net\/2017\/sri-lanka<\/span><\/li>\n<\/ul>\n","protected":false},"excerpt":{"rendered":"<p>Sri Lanka: | lectures historiques| Sri Lanka in the Modern Age (2006; updated 2015) &#8211;\u00a0 par\u00a0Nira Wickremasinghe The Broken Palmyrah (disponible en ligne:\u00a0http:\/\/www.uthr.org\/BP\/Content.htm) &#8211; Compil\u00e9 par le UTHR dans les &#8230;<\/p>\n","protected":false},"author":1,"featured_media":0,"parent":0,"menu_order":0,"comment_status":"closed","ping_status":"closed","template":"","meta":[],"_links":{"self":[{"href":"https:\/\/stages.alternatives.ca\/index.php?rest_route=\/wp\/v2\/pages\/102"}],"collection":[{"href":"https:\/\/stages.alternatives.ca\/index.php?rest_route=\/wp\/v2\/pages"}],"about":[{"href":"https:\/\/stages.alternatives.ca\/index.php?rest_route=\/wp\/v2\/types\/page"}],"author":[{"embeddable":true,"href":"https:\/\/stages.alternatives.ca\/index.php?rest_route=\/wp\/v2\/users\/1"}],"replies":[{"embeddable":true,"href":"https:\/\/stages.alternatives.ca\/index.php?rest_route=%2Fwp%2Fv2%2Fcomments&post=102"}],"version-history":[{"count":2,"href":"https:\/\/stages.alternatives.ca\/index.php?rest_route=\/wp\/v2\/pages\/102\/revisions"}],"predecessor-version":[{"id":112,"href":"https:\/\/stages.alternatives.ca\/index.php?rest_route=\/wp\/v2\/pages\/102\/revisions\/112"}],"wp:attachment":[{"href":"https:\/\/stages.alternatives.ca\/index.php?rest_route=%2Fwp%2Fv2%2Fmedia&parent=102"}],"curies":[{"name":"wp","href":"https:\/\/api.w.org\/{rel}","templated":true}]}}